{"id":102,"date":"2022-08-09T11:16:53","date_gmt":"2022-08-09T11:16:53","guid":{"rendered":"https:\/\/sandzg.synology.me\/wordpress\/?page_id=102"},"modified":"2023-03-01T17:20:02","modified_gmt":"2023-03-01T17:20:02","slug":"o-nama","status":"publish","type":"page","link":"https:\/\/fugamikic.hr\/?page_id=102","title":{"rendered":"O nama"},"content":{"rendered":"\n<div class=\"wp-block-columns is-layout-flex wp-container-core-columns-layout-1 wp-block-columns-is-layout-flex\">\n<div class=\"wp-block-column is-vertically-aligned-top is-layout-flow wp-block-column-is-layout-flow\" style=\"flex-basis:100%\">\n<p>Fuga Miki\u0107 d.o.o. utemeljio je Veselko Miki\u0107, majstor &#8211; Verfuger &#8211; sa potvrdom o trideset godi\u0161njem iskustvu ste\u010denom u Njema\u010dkoj.<\/p>\n\n\n\n<p>Fuga Miki\u0107 d.o.o. bavi se ugradnjom silikonskog kita na spojevima podne keramike sa zidnom, zidne sa zidnom, zidne sa stropom kao i spojevima keramike sa kadama, umivaonicima, WC \u0161koljkama, prozorima i vratima. Istu tehnologiju primjenjujemo na spojevima kamena sa drugim materijalima. Po \u017eelji naru\u010ditelja trajno-elasti\u010dne fuge povla\u010dimo i na ostalim spojevima tipa staklo, metal, drvo, mramor, beton i sl.<\/p>\n\n\n\n<p>Obzirom na svojstva pojedinih silikona: njihovu elasti\u010dnost,&nbsp; fungicidnost i mo\u0107 upijanja boja koristimo sanitarne, poliuretanske, hibridne, akrilne, neutralne i silikone za prirodni kamen. U pravilu se koristimo proizvodima austrijske firme <a rel=\"noreferrer noopener\" href=\"http:\/\/www.ramsauer.at\" data-type=\"URL\" data-id=\"www.ramsauer.at\" target=\"_blank\">Ramsauer<\/a>.<\/p>\n\n\n<div class=\"wp-block-image\">\n<figure class=\"alignright size-full is-resized\"><img loading=\"lazy\" decoding=\"async\" src=\"https:\/\/fugamikic.hr\/wp-content\/uploads\/2022\/08\/kada.jpg\" alt=\"\" class=\"wp-image-104\" width=\"238\" height=\"133\" srcset=\"https:\/\/fugamikic.hr\/wp-content\/uploads\/2022\/08\/kada.jpg 1000w, https:\/\/fugamikic.hr\/wp-content\/uploads\/2022\/08\/kada-300x169.jpg 300w, https:\/\/fugamikic.hr\/wp-content\/uploads\/2022\/08\/kada-768x432.jpg 768w\" sizes=\"(max-width: 238px) 100vw, 238px\" \/><\/figure><\/div>\n\n\n<p>Kapacitet firme je preko 500 stanova godi\u0161nje.<\/p>\n<\/div>\n\n\n\n<div class=\"wp-block-column is-layout-flow wp-block-column-is-layout-flow\" style=\"flex-basis:50%\">\n<figure class=\"wp-block-image size-full\"><img loading=\"lazy\" decoding=\"async\" width=\"1000\" height=\"707\" src=\"https:\/\/fugamikic.hr\/wp-content\/uploads\/2023\/01\/Potvrda-ok.jpg\" alt=\"\" class=\"wp-image-268\" srcset=\"https:\/\/fugamikic.hr\/wp-content\/uploads\/2023\/01\/Potvrda-ok.jpg 1000w, https:\/\/fugamikic.hr\/wp-content\/uploads\/2023\/01\/Potvrda-ok-300x212.jpg 300w, https:\/\/fugamikic.hr\/wp-content\/uploads\/2023\/01\/Potvrda-ok-768x543.jpg 768w\" sizes=\"(max-width: 1000px) 100vw, 1000px\" \/><\/figure>\n\n\n\n<p><strong>Mladi tim<\/strong> <strong>s velikim iskustvom<\/strong><\/p>\n\n\n\n<p><strong>iza nas je&#8230;<\/strong><\/p>\n\n\n\n<p>Ugra\u0111en silikonski kit u kupaonicama, kuhinjama, hodnicima, balkonima, lo\u0111ama, na klup\u010dicama, vratima, prozorima, parketnim lajsnama, stubi\u0161tima\u2026<br>u preko <strong>10.000 stanova, hotela dvorana, poslovnih prostora<\/strong> u Zagrebu te mnoga gradili\u0161ta u Njema\u010dkoj.<\/p>\n<\/div>\n<\/div>\n\n\n\n<div class=\"wp-block-columns is-layout-flex wp-container-core-columns-layout-2 wp-block-columns-is-layout-flex\">\n<div class=\"wp-block-column is-layout-flow wp-block-column-is-layout-flow\" style=\"flex-basis:25%\">\n<figure class=\"wp-block-image size-full is-resized is-style-default\"><img loading=\"lazy\" decoding=\"async\" src=\"https:\/\/fugamikic.hr\/wp-content\/uploads\/2022\/08\/image480.jpg\" alt=\"\" class=\"wp-image-105\" width=\"142\" height=\"195\"\/><figcaption class=\"wp-element-caption\"><strong>1993<\/strong><\/figcaption><\/figure>\n<\/div>\n\n\n\n<div class=\"wp-block-column is-layout-flow wp-block-column-is-layout-flow\" style=\"flex-basis:50%\">\n<figure class=\"wp-block-image size-large is-style-default\"><img loading=\"lazy\" decoding=\"async\" width=\"1024\" height=\"623\" src=\"https:\/\/fugamikic.hr\/wp-content\/uploads\/2023\/01\/dva-caddya-ok-1024x623.jpg\" alt=\"\" class=\"wp-image-263\" srcset=\"https:\/\/fugamikic.hr\/wp-content\/uploads\/2023\/01\/dva-caddya-ok-1024x623.jpg 1024w, https:\/\/fugamikic.hr\/wp-content\/uploads\/2023\/01\/dva-caddya-ok-300x182.jpg 300w, https:\/\/fugamikic.hr\/wp-content\/uploads\/2023\/01\/dva-caddya-ok-768x467.jpg 768w, https:\/\/fugamikic.hr\/wp-content\/uploads\/2023\/01\/dva-caddya-ok.jpg 1118w\" sizes=\"(max-width: 1024px) 100vw, 1024px\" \/><\/figure>\n<\/div>\n\n\n\n<div class=\"wp-block-column is-layout-flow wp-block-column-is-layout-flow\" style=\"flex-basis:25%\">\n<figure class=\"wp-block-image size-full is-style-default\"><img loading=\"lazy\" decoding=\"async\" width=\"160\" height=\"284\" src=\"https:\/\/fugamikic.hr\/wp-content\/uploads\/2022\/08\/image482.jpg\" alt=\"\" class=\"wp-image-106\"\/><figcaption class=\"wp-element-caption\"><strong>2010<\/strong>.<\/figcaption><\/figure>\n<\/div>\n<\/div>\n\n\n\n<p><\/p>\n","protected":false},"excerpt":{"rendered":"<p>Fuga Miki\u0107 d.o.o. utemeljio je Veselko Miki\u0107, majstor &#8211; Verfuger &#8211; sa potvrdom o trideset godi\u0161njem iskustvu ste\u010denom u Njema\u010dkoj. Fuga Miki\u0107 d.o.o. bavi se ugradnjom silikonskog kita na spojevima podne keramike sa zidnom, zidne sa zidnom, zidne sa stropom kao i spojevima keramike sa kadama, umivaonicima, WC \u0161koljkama, prozorima i vratima. Istu tehnologiju primjenjujemo [&hellip;]<\/p>\n","protected":false},"author":1,"featured_media":0,"parent":0,"menu_order":0,"comment_status":"closed","ping_status":"closed","template":"","meta":{"footnotes":""},"_links":{"self":[{"href":"https:\/\/fugamikic.hr\/index.php?rest_route=\/wp\/v2\/pages\/102"}],"collection":[{"href":"https:\/\/fugamikic.hr\/index.php?rest_route=\/wp\/v2\/pages"}],"about":[{"href":"https:\/\/fugamikic.hr\/index.php?rest_route=\/wp\/v2\/types\/page"}],"author":[{"embeddable":true,"href":"https:\/\/fugamikic.hr\/index.php?rest_route=\/wp\/v2\/users\/1"}],"replies":[{"embeddable":true,"href":"https:\/\/fugamikic.hr\/index.php?rest_route=%2Fwp%2Fv2%2Fcomments&post=102"}],"version-history":[{"count":5,"href":"https:\/\/fugamikic.hr\/index.php?rest_route=\/wp\/v2\/pages\/102\/revisions"}],"predecessor-version":[{"id":384,"href":"https:\/\/fugamikic.hr\/index.php?rest_route=\/wp\/v2\/pages\/102\/revisions\/384"}],"wp:attachment":[{"href":"https:\/\/fugamikic.hr\/index.php?rest_route=%2Fwp%2Fv2%2Fmedia&parent=102"}],"curies":[{"name":"wp","href":"https:\/\/api.w.org\/{rel}","templated":true}]}}