{"id":147,"date":"2022-08-09T14:59:19","date_gmt":"2022-08-09T14:59:19","guid":{"rendered":"https:\/\/sandzg.synology.me\/wordpress\/?page_id=147"},"modified":"2024-01-25T14:40:34","modified_gmt":"2024-01-25T14:40:34","slug":"silikon-d-o-o","status":"publish","type":"page","link":"https:\/\/fugamikic.hr\/?page_id=147","title":{"rendered":"Silikon d.o.o."},"content":{"rendered":"\n<div class=\"wp-block-columns is-layout-flex wp-container-core-columns-layout-2 wp-block-columns-is-layout-flex\">\n<div class=\"wp-block-column is-layout-flow wp-block-column-is-layout-flow\" style=\"flex-basis:66.66%\">\n<div class=\"wp-block-columns is-layout-flex wp-container-core-columns-layout-1 wp-block-columns-is-layout-flex\">\n<div class=\"wp-block-column is-layout-flow wp-block-column-is-layout-flow\">\n<figure class=\"wp-block-gallery has-nested-images columns-default is-cropped wp-block-gallery-1 is-layout-flex wp-block-gallery-is-layout-flex\">\n<figure class=\"wp-block-image size-full is-style-default\"><img loading=\"lazy\" decoding=\"async\" width=\"337\" height=\"189\" src=\"https:\/\/fugamikic.hr\/wp-content\/uploads\/2022\/08\/image538.jpg\" alt=\"\" class=\"wp-image-148\" srcset=\"https:\/\/fugamikic.hr\/wp-content\/uploads\/2022\/08\/image538.jpg 337w, https:\/\/fugamikic.hr\/wp-content\/uploads\/2022\/08\/image538-300x168.jpg 300w\" sizes=\"(max-width: 337px) 100vw, 337px\" \/><\/figure>\n<\/figure>\n\n\n\n<p><strong>HRGOVI\u0106I 101<\/strong><\/p>\n<\/div>\n\n\n\n<div class=\"wp-block-column is-layout-flow wp-block-column-is-layout-flow\">\n<figure class=\"wp-block-gallery has-nested-images columns-default is-cropped wp-block-gallery-2 is-layout-flex wp-block-gallery-is-layout-flex\">\n<figure class=\"wp-block-image size-full is-style-default\"><img loading=\"lazy\" decoding=\"async\" width=\"200\" height=\"113\" src=\"https:\/\/fugamikic.hr\/wp-content\/uploads\/2022\/08\/image595.jpg\" alt=\"\" class=\"wp-image-149\"\/><\/figure>\n<\/figure>\n\n\n\n<p><strong>JARUNSKA 25, 29<\/strong> (GIP PIONIR)<\/p>\n<\/div>\n<\/div>\n\n\n\n<p>Silikonske fuge u kupaonicama, kuhinjama, WC-ima, hodnicima, balkonima, ulaznim vratima, stubi\u0161tu, gara\u017enim vratima&#8230;<\/p>\n\n\n\n<p><strong>64 stana, <\/strong><strong>&nbsp;<\/strong><strong>cca 6.000 metara du\u017enih<\/strong><strong><\/strong><\/p>\n<\/div>\n\n\n\n<div class=\"wp-block-column is-layout-flow wp-block-column-is-layout-flow\" style=\"flex-basis:33.33%\">\n<figure class=\"wp-block-gallery has-nested-images columns-default is-cropped wp-block-gallery-3 is-layout-flex wp-block-gallery-is-layout-flex\">\n<figure class=\"wp-block-image size-full is-style-default\"><img loading=\"lazy\" decoding=\"async\" width=\"400\" height=\"240\" src=\"https:\/\/fugamikic.hr\/wp-content\/uploads\/2022\/08\/image609.jpg\" alt=\"\" class=\"wp-image-150\" srcset=\"https:\/\/fugamikic.hr\/wp-content\/uploads\/2022\/08\/image609.jpg 400w, https:\/\/fugamikic.hr\/wp-content\/uploads\/2022\/08\/image609-300x180.jpg 300w\" sizes=\"(max-width: 400px) 100vw, 400px\" \/><\/figure>\n<\/figure>\n\n\n\n<p><strong>ZINKE KUNC 3C, 3D<\/strong> (GIP PIONIR)<\/p>\n\n\n\n<p>Silikonske fuge kupaonicama, kuhinjama, WC-ima, hodnicima, ulaznim vratima, stubi\u0161tu&#8230;<\/p>\n\n\n\n<p class=\"has-text-align-right\"><strong>112 stanova,<\/strong><br><strong>cca 14.500 metara du\u017enih<\/strong><\/p>\n<\/div>\n<\/div>\n\n\n\n<div class=\"wp-block-columns is-layout-flex wp-container-core-columns-layout-3 wp-block-columns-is-layout-flex\">\n<div class=\"wp-block-column is-layout-flow wp-block-column-is-layout-flow\">\n<figure class=\"wp-block-gallery has-nested-images columns-default is-cropped wp-block-gallery-4 is-layout-flex wp-block-gallery-is-layout-flex\">\n<figure class=\"wp-block-image size-full is-style-default\"><img loading=\"lazy\" decoding=\"async\" width=\"500\" height=\"276\" src=\"https:\/\/fugamikic.hr\/wp-content\/uploads\/2022\/08\/image515.gif\" alt=\"\" class=\"wp-image-154\"\/><figcaption class=\"wp-element-caption\"><strong>ODAKOVA 7, 9, 11, HORVA\u0106ANSKA <\/strong><br>(GIP PIONIR)<\/figcaption><\/figure>\n<\/figure>\n\n\n\n<p>Silikonske fuge u kupaonicama,&nbsp; kuhinjama, WC-ima, hodnicima, ulaznim vratima, stubi\u0161tu&#8230;<\/p>\n\n\n\n<p class=\"has-text-align-right\"><strong>112 stanova i 50ak stanova,<\/strong><br><strong>cca 14.000 metara du\u017enih<\/strong><\/p>\n\n\n\n<figure class=\"wp-block-gallery has-nested-images columns-default is-cropped wp-block-gallery-5 is-layout-flex wp-block-gallery-is-layout-flex\">\n<figure class=\"wp-block-image size-full is-style-default\"><img loading=\"lazy\" decoding=\"async\" width=\"500\" height=\"280\" src=\"https:\/\/fugamikic.hr\/wp-content\/uploads\/2022\/09\/image629.jpg\" alt=\"\" class=\"wp-image-163\" srcset=\"https:\/\/fugamikic.hr\/wp-content\/uploads\/2022\/09\/image629.jpg 500w, https:\/\/fugamikic.hr\/wp-content\/uploads\/2022\/09\/image629-300x168.jpg 300w\" sizes=\"(max-width: 500px) 100vw, 500px\" \/><figcaption class=\"wp-element-caption\"><strong>KORNATSKA 1, 1A, 1B, 1C, 1D, 1E, 1F, 1G<\/strong> <br>(GIP PIONIR)<\/figcaption><\/figure>\n<\/figure>\n\n\n\n<p>Silikonske fuge u kupaonicama, kuhinjama, WC-ima, balkonima, hodnicima, stubi\u0161tima, ulaznim vratima&#8230;<\/p>\n\n\n\n<p class=\"has-text-align-right\"><strong>469 stanova,<\/strong><br><strong>cca 52.000 metara du\u017enih<\/strong><\/p>\n\n\n\n<figure class=\"wp-block-gallery has-nested-images columns-default is-cropped wp-block-gallery-6 is-layout-flex wp-block-gallery-is-layout-flex\">\n<figure class=\"wp-block-image size-full is-style-default\"><img loading=\"lazy\" decoding=\"async\" width=\"360\" height=\"240\" src=\"https:\/\/fugamikic.hr\/wp-content\/uploads\/2022\/09\/image1737.jpg\" alt=\"\" class=\"wp-image-171\" srcset=\"https:\/\/fugamikic.hr\/wp-content\/uploads\/2022\/09\/image1737.jpg 360w, https:\/\/fugamikic.hr\/wp-content\/uploads\/2022\/09\/image1737-300x200.jpg 300w\" sizes=\"(max-width: 360px) 100vw, 360px\" \/><figcaption class=\"wp-element-caption\"><strong>SOKOLGRADSKA 30, PERJAVICA<\/strong><br>(MARTINOVI\u0106-NIKOLI\u0106)<\/figcaption><\/figure>\n<\/figure>\n\n\n\n<p>Silikonske fuge u kuhinjama, kupaonicama, WC-ima, balkonima, klup\u010dicama, hodnicima, stubi\u0161tu&#8230;<\/p>\n\n\n\n<p class=\"has-text-align-right\"><strong>30 stanova i 30 stanova,<\/strong><br><strong>cca 3.000 metara du\u017enih<\/strong><\/p>\n<\/div>\n\n\n\n<div class=\"wp-block-column is-layout-flow wp-block-column-is-layout-flow\">\n<figure class=\"wp-block-gallery has-nested-images columns-default is-cropped wp-block-gallery-7 is-layout-flex wp-block-gallery-is-layout-flex\">\n<figure class=\"wp-block-image size-full is-resized is-style-default\"><img loading=\"lazy\" decoding=\"async\" width=\"227\" height=\"110\" src=\"https:\/\/fugamikic.hr\/wp-content\/uploads\/2022\/09\/image632.jpg\" alt=\"\" class=\"wp-image-158\"\/><figcaption class=\"wp-element-caption\"><strong>\u0160OLJANOVA 8, 10, 12, 14, 16, 18, 20, 22, 24, 26 <\/strong>(GIP PIONIR<\/figcaption><\/figure>\n<\/figure>\n\n\n\n<p class=\"has-text-align-right\"><strong>351 stan<\/strong><br><strong>cca 26.500 metara du\u017enih<\/strong><\/p>\n\n\n\n<figure class=\"wp-block-gallery has-nested-images columns-default is-cropped wp-block-gallery-8 is-layout-flex wp-block-gallery-is-layout-flex\">\n<figure class=\"wp-block-image size-full is-style-default\"><img loading=\"lazy\" decoding=\"async\" width=\"600\" height=\"391\" src=\"https:\/\/fugamikic.hr\/wp-content\/uploads\/2022\/09\/Dracevecka_3032_w.jpg\" alt=\"\" class=\"wp-image-165\" srcset=\"https:\/\/fugamikic.hr\/wp-content\/uploads\/2022\/09\/Dracevecka_3032_w.jpg 600w, https:\/\/fugamikic.hr\/wp-content\/uploads\/2022\/09\/Dracevecka_3032_w-300x196.jpg 300w\" sizes=\"(max-width: 600px) 100vw, 600px\" \/><figcaption class=\"wp-element-caption\"><strong>DRA\u010cEVE\u010cKA 30, 32<\/strong><br>(DOMET GRADNJA)<\/figcaption><\/figure>\n<\/figure>\n\n\n\n<p class=\"has-text-align-left\">Silikonske fuge u kupaonicama, kuhinjama, WC-ima, balkonima, terasama, klup\u010dicama&#8230;<\/p>\n\n\n\n<p class=\"has-text-align-right\"><strong>31 stan,<\/strong><br><strong>cca 1.400 metara du\u017enih<\/strong><\/p>\n\n\n\n<figure class=\"wp-block-gallery has-nested-images columns-default is-cropped wp-block-gallery-9 is-layout-flex wp-block-gallery-is-layout-flex\">\n<figure class=\"wp-block-image size-full is-style-default\"><img loading=\"lazy\" decoding=\"async\" width=\"300\" height=\"169\" src=\"https:\/\/fugamikic.hr\/wp-content\/uploads\/2022\/09\/image875.jpg\" alt=\"\" class=\"wp-image-169\"\/><figcaption class=\"wp-element-caption\"><strong>GRA\u010cANSKA CESTA 145-149<\/strong> <br>(GIP PIONIR)<\/figcaption><\/figure>\n<\/figure>\n\n\n\n<p>Silikonske fuge u kuhinjama, kupaonicama, WC-ima, klup\u010dicama, balkonima, terasama, stubi\u0161tima&#8230;<\/p>\n\n\n\n<p class=\"has-text-align-right\"><strong>4 vile, 20 stanova,<\/strong><br><strong>cca 2.000 metara du\u017enih<\/strong><\/p>\n<\/div>\n\n\n\n<div class=\"wp-block-column is-layout-flow wp-block-column-is-layout-flow\">\n<figure class=\"wp-block-gallery has-nested-images columns-default is-cropped wp-block-gallery-10 is-layout-flex wp-block-gallery-is-layout-flex\">\n<figure class=\"wp-block-image size-full is-resized is-style-default\"><img loading=\"lazy\" decoding=\"async\" width=\"222\" height=\"128\" src=\"https:\/\/fugamikic.hr\/wp-content\/uploads\/2022\/09\/image696.gif\" alt=\"\" class=\"wp-image-159\"\/><figcaption class=\"wp-element-caption\"><strong>VILIMA KORAJCA 15, 17, 19, 21, 23<\/strong> <br>(GIP PIONIR)<\/figcaption><\/figure>\n<\/figure>\n\n\n\n<p>Silikonske fuge u kupaonicama, kuhinjama, WC-ima, hodnicima, balkonima, stubi\u0161tu, ulaznim vratima&#8230;<\/p>\n\n\n\n<p class=\"has-text-align-right\"><strong>527 stanova,<\/strong><br><strong>cca 43.000 du\u017enih metara<\/strong><\/p>\n\n\n\n<figure class=\"wp-block-gallery has-nested-images columns-default is-cropped wp-block-gallery-11 is-layout-flex wp-block-gallery-is-layout-flex\">\n<figure class=\"wp-block-image size-full is-resized is-style-default\"><img loading=\"lazy\" decoding=\"async\" width=\"300\" height=\"177\" src=\"https:\/\/fugamikic.hr\/wp-content\/uploads\/2022\/09\/image872.jpg\" alt=\"\" class=\"wp-image-164\"\/><figcaption class=\"wp-element-caption\"><strong>NIKOLE PAVI\u0106A 20<\/strong><br>(GIK GRADNJA)<\/figcaption><\/figure>\n<\/figure>\n\n\n\n<p>Silikonske fuge u kupaonicama, kuhinjama, WC-ima, hodnicima, klup\u010dicama, balkonima&#8230;<\/p>\n\n\n\n<p class=\"has-text-align-right\"><strong>54 stana,<\/strong><br><strong>cca 4.000 metara du\u017enih<\/strong><\/p>\n\n\n\n<figure class=\"wp-block-gallery has-nested-images columns-default is-cropped wp-block-gallery-12 is-layout-flex wp-block-gallery-is-layout-flex\">\n<figure class=\"wp-block-image size-full is-style-default\"><img loading=\"lazy\" decoding=\"async\" width=\"539\" height=\"303\" src=\"https:\/\/fugamikic.hr\/wp-content\/uploads\/2022\/09\/image523.jpg\" alt=\"\" class=\"wp-image-168\" srcset=\"https:\/\/fugamikic.hr\/wp-content\/uploads\/2022\/09\/image523.jpg 539w, https:\/\/fugamikic.hr\/wp-content\/uploads\/2022\/09\/image523-300x169.jpg 300w\" sizes=\"(max-width: 539px) 100vw, 539px\" \/><figcaption class=\"wp-element-caption\"><strong>DANKOVE\u010cKA \u2013 TR\u017dNICA DUBRAVA<\/strong> (TROING)<\/figcaption><\/figure>\n<\/figure>\n\n\n\n<p>Silikonske fuge u kupaonicama, WC-ima, balkonima, klup\u010dicama&#8230;<\/p>\n\n\n\n<p class=\"has-text-align-right\"><strong>80 stanova,<\/strong><br><strong>cca 2.000 metara du\u017enih<\/strong><\/p>\n<\/div>\n<\/div>\n\n\n\n<p><\/p>\n\n\n\n<p><\/p>\n","protected":false},"excerpt":{"rendered":"<p>HRGOVI\u0106I 101 JARUNSKA 25, 29 (GIP PIONIR) Silikonske fuge u kupaonicama, kuhinjama, WC-ima, hodnicima, balkonima, ulaznim vratima, stubi\u0161tu, gara\u017enim vratima&#8230; 64 stana, &nbsp;cca 6.000 metara du\u017enih ZINKE KUNC 3C, 3D (GIP PIONIR) Silikonske fuge kupaonicama, kuhinjama, WC-ima, hodnicima, ulaznim vratima, stubi\u0161tu&#8230; 112 stanova,cca 14.500 metara du\u017enih Silikonske fuge u kupaonicama,&nbsp; kuhinjama, WC-ima, hodnicima, ulaznim vratima, [&hellip;]<\/p>\n","protected":false},"author":1,"featured_media":0,"parent":0,"menu_order":0,"comment_status":"closed","ping_status":"closed","template":"","meta":{"footnotes":""},"_links":{"self":[{"href":"https:\/\/fugamikic.hr\/index.php?rest_route=\/wp\/v2\/pages\/147"}],"collection":[{"href":"https:\/\/fugamikic.hr\/index.php?rest_route=\/wp\/v2\/pages"}],"about":[{"href":"https:\/\/fugamikic.hr\/index.php?rest_route=\/wp\/v2\/types\/page"}],"author":[{"embeddable":true,"href":"https:\/\/fugamikic.hr\/index.php?rest_route=\/wp\/v2\/users\/1"}],"replies":[{"embeddable":true,"href":"https:\/\/fugamikic.hr\/index.php?rest_route=%2Fwp%2Fv2%2Fcomments&post=147"}],"version-history":[{"count":7,"href":"https:\/\/fugamikic.hr\/index.php?rest_route=\/wp\/v2\/pages\/147\/revisions"}],"predecessor-version":[{"id":436,"href":"https:\/\/fugamikic.hr\/index.php?rest_route=\/wp\/v2\/pages\/147\/revisions\/436"}],"wp:attachment":[{"href":"https:\/\/fugamikic.hr\/index.php?rest_route=%2Fwp%2Fv2%2Fmedia&parent=147"}],"curies":[{"name":"wp","href":"https:\/\/api.w.org\/{rel}","templated":true}]}}