{"id":48,"date":"2022-07-22T21:47:49","date_gmt":"2022-07-22T21:47:49","guid":{"rendered":"https:\/\/sandzg.synology.me\/wordpress\/?page_id=48"},"modified":"2024-01-25T16:29:58","modified_gmt":"2024-01-25T16:29:58","slug":"najnovije","status":"publish","type":"page","link":"https:\/\/fugamikic.hr\/?page_id=48","title":{"rendered":"Reference"},"content":{"rendered":"\n<div class=\"wp-block-columns is-layout-flex wp-container-core-columns-layout-1 wp-block-columns-is-layout-flex\">\n<div class=\"wp-block-column is-layout-flow wp-block-column-is-layout-flow\" style=\"flex-basis:100%\">\n<div class=\"wp-block-buttons is-horizontal is-content-justification-center is-layout-flex wp-container-core-buttons-layout-1 wp-block-buttons-is-layout-flex\">\n<div class=\"wp-block-button is-style-fill\"><a class=\"wp-block-button__link wp-element-button\" href=\"https:\/\/fugamikic.hr\/?page_id=347\">VMD<\/a><\/div>\n\n\n\n<div class=\"wp-block-button is-style-fill\"><a class=\"wp-block-button__link wp-element-button\" href=\"#ankor1\">IM-COMP d.o.o.<\/a><\/div>\n\n\n\n<div class=\"wp-block-button is-style-fill\"><a class=\"wp-block-button__link wp-element-button\" href=\"https:\/\/fugamikic.hr\/?page_id=347\">Sigma modus<\/a><\/div>\n\n\n\n<div class=\"wp-block-button is-style-fill\"><a class=\"wp-block-button__link wp-element-button\" href=\"https:\/\/fugamikic.hr\/?page_id=147\">Silikon d.o.o.<\/a><\/div>\n\n\n\n<div class=\"wp-block-button is-style-fill\"><a class=\"wp-block-button__link wp-element-button\">Kamgrad<\/a><\/div>\n\n\n\n<div class=\"wp-block-button is-style-fill\"><a class=\"wp-block-button__link wp-element-button\">Da-bis invest<\/a><\/div>\n\n\n\n<div class=\"wp-block-button is-style-fill\"><a class=\"wp-block-button__link wp-element-button\" href=\"https:\/\/fugamikic.hr\/?page_id=281\">Novi kvadrat<\/a><\/div>\n<\/div>\n<\/div>\n<\/div>\n\n\n\n<div class=\"wp-block-media-text alignwide has-media-on-the-right is-stacked-on-mobile\"><div class=\"wp-block-media-text__content\">\n<p><strong>FOLNEGOVI\u0106EVA&nbsp; 1A, 1B <\/strong><br>Silikoniranje lo\u0111a, vanjskih i unutarnjih klup\u010dica, kamena s dizalima, protupo\u017earnim i&nbsp; ulaznim vratima, ulaznim stijenama te popravljanje neuredno postavljenog silikona na&nbsp; kadama&#8230;,<br><strong>71 stan<\/strong> <strong>cca 2.800 metara du\u017enih<\/strong><\/p>\n\n\n\n<p><strong>RADNI\u010cKA 59<\/strong><br>Isti radovi kao na 55-57 te kompletno silikonsko fugiranje u kupaonicama, WC-ima, kuhinjama preko firme GRANIT INTERIJERI d.o.o.<br><strong>31 stan,<\/strong> <strong>cca 1.500 du\u017enih metara<\/strong><\/p>\n\n\n\n<p><strong>FOLNEGOVI\u0106EVA&nbsp; 1-1C,<\/strong> <strong>RADNI\u010cKA 55-59<\/strong><br>Silikoniranje kamena sa vanjskom aluminijskom fasadom (stolarijom),<br><strong>cca 450 metara du\u017enih<\/strong><\/p>\n<\/div><figure class=\"wp-block-media-text__media\"><img loading=\"lazy\" decoding=\"async\" width=\"425\" height=\"223\" src=\"https:\/\/fugamikic.hr\/wp-content\/uploads\/2022\/08\/image16651.jpg\" alt=\"\" class=\"wp-image-57 size-full\" srcset=\"https:\/\/fugamikic.hr\/wp-content\/uploads\/2022\/08\/image16651.jpg 425w, https:\/\/fugamikic.hr\/wp-content\/uploads\/2022\/08\/image16651-300x157.jpg 300w\" sizes=\"(max-width: 425px) 100vw, 425px\" \/><\/figure><\/div>\n\n\n\n<div class=\"wp-block-columns is-layout-flex wp-container-core-columns-layout-2 wp-block-columns-is-layout-flex\">\n<div class=\"wp-block-column is-layout-flow wp-block-column-is-layout-flow\">\n<p><strong>RADNI\u010cKA 55, 55A, 57<\/strong><br>Silikoniranje lo\u0111a, vanjskih i unutarnjih klup\u010dica, kamena sa dizalima, protupo\u017earnim i ulaznim vratima, ulaznom stijenom, silikoniranje kamena u hodnicima\u2026,<br><strong>58 stanova, cca 3.000 metara du\u017enih<\/strong><\/p>\n\n\n\n<p><br><\/p>\n<\/div>\n\n\n\n<div class=\"wp-block-column is-layout-flow wp-block-column-is-layout-flow\">\n<p><strong>FOLNEGOVI\u0106EVA&nbsp; 1C<\/strong><br>Silikoniranje klup\u010dica, kamena sa dizalima i ulaznom stijenom u poslovnom ulazu\u2026,<br><strong>cca 700 metara du\u017enih<\/strong><\/p>\n<\/div>\n\n\n\n<div class=\"wp-block-column is-layout-flow wp-block-column-is-layout-flow\">\n<p><strong>RADNI\u010cKA 57A<\/strong><br>Silikoniranje lo\u0111a, vanjskih i unutarnjih klup\u010dica, kamena s dizalima, protupo\u017earnim i ulaznim vratima, ulaznom stijenom, silikoniranje kamena u hodnicima te kompletno odstranjivanje neuredno postavljenog silikona u kupaonicama, WC-ima, kuhinjama i ugradnja novog&#8230;,<br><strong>26 stanova, cca 2.400 metara du\u017enih<\/strong><\/p>\n<\/div>\n<\/div>\n\n\n\n<div class=\"wp-block-columns is-layout-flex wp-container-core-columns-layout-3 wp-block-columns-is-layout-flex\">\n<div class=\"wp-block-column is-layout-flow wp-block-column-is-layout-flow\">\n<p><strong>RAKITJE<\/strong><br>FIDIFARM, silikoniranje na stropu, WC-ima&#8230;u poslovnoj zgradi,<br><strong>cca 1.000 metara du\u017enih<\/strong><\/p>\n\n\n\n<figure class=\"wp-block-image\"><img loading=\"lazy\" decoding=\"async\" width=\"200\" height=\"122\" src=\"https:\/\/fugamikic.hr\/wp-content\/uploads\/2022\/08\/image31381.jpg\" alt=\"\" class=\"wp-image-70\"\/><\/figure>\n\n\n\n<p><strong>BABONI\u0106EVA<\/strong><br>Sanacija ve\u0107 ranije ugra\u0111enog silikona po stanovima<\/p>\n\n\n\n<figure class=\"wp-block-image size-full\"><img loading=\"lazy\" decoding=\"async\" width=\"700\" height=\"685\" src=\"https:\/\/fugamikic.hr\/wp-content\/uploads\/2022\/08\/VMD-2022-03-30-16-39-20.jpg\" alt=\"\" class=\"wp-image-83\" srcset=\"https:\/\/fugamikic.hr\/wp-content\/uploads\/2022\/08\/VMD-2022-03-30-16-39-20.jpg 700w, https:\/\/fugamikic.hr\/wp-content\/uploads\/2022\/08\/VMD-2022-03-30-16-39-20-300x294.jpg 300w\" sizes=\"(max-width: 700px) 100vw, 700px\" \/><\/figure>\n\n\n\n<p><strong>GRAHOROVA &#8211; GRADA MAINZA<\/strong> <\/p>\n\n\n\n<figure class=\"wp-block-image size-full\"><img loading=\"lazy\" decoding=\"async\" width=\"700\" height=\"508\" src=\"https:\/\/fugamikic.hr\/wp-content\/uploads\/2022\/08\/VMD-Darwinova.jpg\" alt=\"\" class=\"wp-image-94\" srcset=\"https:\/\/fugamikic.hr\/wp-content\/uploads\/2022\/08\/VMD-Darwinova.jpg 700w, https:\/\/fugamikic.hr\/wp-content\/uploads\/2022\/08\/VMD-Darwinova-300x218.jpg 300w\" sizes=\"(max-width: 700px) 100vw, 700px\" \/><\/figure>\n\n\n\n<p><strong>DARWINOVA ULICA<\/strong> <\/p>\n<\/div>\n\n\n\n<div class=\"wp-block-column is-layout-flow wp-block-column-is-layout-flow\">\n<p><\/p>\n\n\n\n<figure class=\"wp-block-image size-full\" id=\"ankor1\"><img loading=\"lazy\" decoding=\"async\" width=\"200\" height=\"130\" src=\"https:\/\/fugamikic.hr\/wp-content\/uploads\/2022\/08\/image31401.jpg\" alt=\"\" class=\"wp-image-71\"\/><\/figure>\n\n\n\n<p><strong>DOMA\u0160INE\u010cKA<\/strong><br>Silikoniranje u kupaonicama, WC-ima, kuhinjama, hodnicima, lo\u0111ama, vanjskim i unutarnjim klup\u010dicama, u gara\u017eama, na spojevima grilja sa fasadom, kamena sa fasadom\u2026<br><strong>81 stan,<\/strong> <strong>cca 9.000 metara du\u017enih<\/strong><\/p>\n\n\n\n<figure class=\"wp-block-image size-full\"><img loading=\"lazy\" decoding=\"async\" width=\"700\" height=\"578\" src=\"https:\/\/fugamikic.hr\/wp-content\/uploads\/2022\/08\/VMD_LopatineckaCenkovecka.jpg\" alt=\"\" class=\"wp-image-85\" srcset=\"https:\/\/fugamikic.hr\/wp-content\/uploads\/2022\/08\/VMD_LopatineckaCenkovecka.jpg 700w, https:\/\/fugamikic.hr\/wp-content\/uploads\/2022\/08\/VMD_LopatineckaCenkovecka-300x248.jpg 300w\" sizes=\"(max-width: 700px) 100vw, 700px\" \/><\/figure>\n\n\n\n<p><strong>LOPATINE\u010cKA CENKOVE\u010cKA<\/strong> <\/p>\n\n\n\n<figure class=\"wp-block-image size-full is-resized\"><img loading=\"lazy\" decoding=\"async\" width=\"700\" height=\"507\" src=\"https:\/\/fugamikic.hr\/wp-content\/uploads\/2022\/08\/VMD-Darwinova-Heinzlova.jpg\" alt=\"\" class=\"wp-image-88\" style=\"width:259px;height:187px\" srcset=\"https:\/\/fugamikic.hr\/wp-content\/uploads\/2022\/08\/VMD-Darwinova-Heinzlova.jpg 700w, https:\/\/fugamikic.hr\/wp-content\/uploads\/2022\/08\/VMD-Darwinova-Heinzlova-300x217.jpg 300w\" sizes=\"(max-width: 700px) 100vw, 700px\" \/><\/figure>\n\n\n\n<p> <strong>DARWINOVA HEINZLOVA<\/strong><\/p>\n<\/div>\n\n\n\n<div class=\"wp-block-column is-layout-flow wp-block-column-is-layout-flow\">\n<figure class=\"wp-block-image size-full\"><img loading=\"lazy\" decoding=\"async\" width=\"200\" height=\"112\" src=\"https:\/\/fugamikic.hr\/wp-content\/uploads\/2022\/08\/image31421.jpg\" alt=\"\" class=\"wp-image-72\"\/><\/figure>\n\n\n\n<p><strong>VRBANI\u0106EVA-TU\u0160KANOVA<\/strong><br>Silikoniranje kao na prethodnoj adresi,<br><strong>48 stanova i poslovni ulaz,<\/strong><br><strong>cca 8.000 metara du\u017enih<\/strong><\/p>\n\n\n\n<figure class=\"wp-block-image size-full is-resized\"><img loading=\"lazy\" decoding=\"async\" width=\"474\" height=\"1000\" src=\"https:\/\/fugamikic.hr\/wp-content\/uploads\/2022\/08\/VMD-ParkKnezeva-Branimirova.jpg\" alt=\"\" class=\"wp-image-91\" style=\"width:257px;height:542px\" srcset=\"https:\/\/fugamikic.hr\/wp-content\/uploads\/2022\/08\/VMD-ParkKnezeva-Branimirova.jpg 474w, https:\/\/fugamikic.hr\/wp-content\/uploads\/2022\/08\/VMD-ParkKnezeva-Branimirova-142x300.jpg 142w\" sizes=\"(max-width: 474px) 100vw, 474px\" \/><\/figure>\n\n\n\n<p> <strong>PARK KNE\u017dEVA BRANIMIROVA<\/strong> <\/p>\n<\/div>\n<\/div>\n\n\n\n<p><\/p>\n","protected":false},"excerpt":{"rendered":"<p>FOLNEGOVI\u0106EVA&nbsp; 1A, 1B Silikoniranje lo\u0111a, vanjskih i unutarnjih klup\u010dica, kamena s dizalima, protupo\u017earnim i&nbsp; ulaznim vratima, ulaznim stijenama te popravljanje neuredno postavljenog silikona na&nbsp; kadama&#8230;,71 stan cca 2.800 metara du\u017enih RADNI\u010cKA 59Isti radovi kao na 55-57 te kompletno silikonsko fugiranje u kupaonicama, WC-ima, kuhinjama preko firme GRANIT INTERIJERI d.o.o.31 stan, cca 1.500 du\u017enih metara FOLNEGOVI\u0106EVA&nbsp; [&hellip;]<\/p>\n","protected":false},"author":1,"featured_media":0,"parent":0,"menu_order":0,"comment_status":"closed","ping_status":"closed","template":"","meta":{"footnotes":""},"_links":{"self":[{"href":"https:\/\/fugamikic.hr\/index.php?rest_route=\/wp\/v2\/pages\/48"}],"collection":[{"href":"https:\/\/fugamikic.hr\/index.php?rest_route=\/wp\/v2\/pages"}],"about":[{"href":"https:\/\/fugamikic.hr\/index.php?rest_route=\/wp\/v2\/types\/page"}],"author":[{"embeddable":true,"href":"https:\/\/fugamikic.hr\/index.php?rest_route=\/wp\/v2\/users\/1"}],"replies":[{"embeddable":true,"href":"https:\/\/fugamikic.hr\/index.php?rest_route=%2Fwp%2Fv2%2Fcomments&post=48"}],"version-history":[{"count":11,"href":"https:\/\/fugamikic.hr\/index.php?rest_route=\/wp\/v2\/pages\/48\/revisions"}],"predecessor-version":[{"id":457,"href":"https:\/\/fugamikic.hr\/index.php?rest_route=\/wp\/v2\/pages\/48\/revisions\/457"}],"wp:attachment":[{"href":"https:\/\/fugamikic.hr\/index.php?rest_route=%2Fwp%2Fv2%2Fmedia&parent=48"}],"curies":[{"name":"wp","href":"https:\/\/api.w.org\/{rel}","templated":true}]}}